{"id":7654,"date":"2023-02-01T12:56:47","date_gmt":"2023-02-01T12:56:47","guid":{"rendered":"https:\/\/vipermetal.fi\/produkter\/seulakauha\/"},"modified":"2025-12-22T08:17:15","modified_gmt":"2025-12-22T08:17:15","slug":"siktskopa","status":"publish","type":"page","link":"https:\/\/vipermetal.fi\/sv\/produkter\/siktskopa\/","title":{"rendered":"Siktskopa"},"content":{"rendered":"","protected":false},"excerpt":{"rendered":"","protected":false},"author":1,"featured_media":7936,"parent":7649,"menu_order":0,"comment_status":"closed","ping_status":"closed","template":"page-templates\/products-group.php","meta":{"_acf_changed":false,"footnotes":""},"class_list":["post-7654","page","type-page","status-publish","has-post-thumbnail","hentry"],"acf":[],"yoast_head":"<!-- This site is optimized with the Yoast SEO plugin v27.2 - https:\/\/yoast.com\/product\/yoast-seo-wordpress\/ -->\n<title>Vipermetal Siktarskopa - Siktarskopor f\u00f6r M\u00e5ngsidig S\u00e5llning<\/title>\n<meta name=\"robots\" content=\"index, follow, max-snippet:-1, max-image-preview:large, max-video-preview:-1\" \/>\n<link rel=\"canonical\" href=\"https:\/\/vipermetal.fi\/sv\/produkter\/siktskopa\/\" \/>\n<meta property=\"og:locale\" content=\"sv_SE\" \/>\n<meta property=\"og:type\" content=\"article\" \/>\n<meta property=\"og:title\" content=\"Vipermetal Siktarskopa - Siktarskopor f\u00f6r M\u00e5ngsidig S\u00e5llning\" \/>\n<meta property=\"og:url\" content=\"https:\/\/vipermetal.fi\/sv\/produkter\/siktskopa\/\" \/>\n<meta property=\"og:site_name\" content=\"ViperMetal\" \/>\n<meta property=\"article:publisher\" content=\"https:\/\/www.facebook.com\/AjutechOy\/\" \/>\n<meta property=\"article:modified_time\" content=\"2025-12-22T08:17:15+00:00\" \/>\n<meta property=\"og:image\" content=\"https:\/\/vipermetal.fi\/wp-content\/uploads\/2024\/02\/Vipermetal-Seulakauha-Seulakauhat-monipuoliseen-seulontaan.png\" \/>\n\t<meta property=\"og:image:width\" content=\"1125\" \/>\n\t<meta property=\"og:image:height\" content=\"1125\" \/>\n\t<meta property=\"og:image:type\" content=\"image\/png\" \/>\n<meta name=\"twitter:card\" content=\"summary_large_image\" \/>\n<meta name=\"twitter:site\" content=\"@Vipermetal_Aju\" \/>\n<meta name=\"twitter:label1\" content=\"Ber\u00e4knad l\u00e4stid\" \/>\n\t<meta name=\"twitter:data1\" content=\"1 minut\" \/>\n<script type=\"application\/ld+json\" class=\"yoast-schema-graph\">{\"@context\":\"https:\/\/schema.org\",\"@graph\":[{\"@type\":\"WebPage\",\"@id\":\"https:\/\/vipermetal.fi\/sv\/produkter\/siktskopa\/\",\"url\":\"https:\/\/vipermetal.fi\/sv\/produkter\/siktskopa\/\",\"name\":\"Vipermetal Siktarskopa - Siktarskopor f\u00f6r M\u00e5ngsidig S\u00e5llning\",\"isPartOf\":{\"@id\":\"https:\/\/vipermetal.fi\/fr\/#website\"},\"primaryImageOfPage\":{\"@id\":\"https:\/\/vipermetal.fi\/sv\/produkter\/siktskopa\/#primaryimage\"},\"image\":{\"@id\":\"https:\/\/vipermetal.fi\/sv\/produkter\/siktskopa\/#primaryimage\"},\"thumbnailUrl\":\"https:\/\/vipermetal.fi\/wp-content\/uploads\/2024\/02\/Vipermetal-Seulakauha-Seulakauhat-monipuoliseen-seulontaan.png\",\"datePublished\":\"2023-02-01T12:56:47+00:00\",\"dateModified\":\"2025-12-22T08:17:15+00:00\",\"breadcrumb\":{\"@id\":\"https:\/\/vipermetal.fi\/sv\/produkter\/siktskopa\/#breadcrumb\"},\"inLanguage\":\"sv-SE\",\"potentialAction\":[{\"@type\":\"ReadAction\",\"target\":[\"https:\/\/vipermetal.fi\/sv\/produkter\/siktskopa\/\"]}]},{\"@type\":\"ImageObject\",\"inLanguage\":\"sv-SE\",\"@id\":\"https:\/\/vipermetal.fi\/sv\/produkter\/siktskopa\/#primaryimage\",\"url\":\"https:\/\/vipermetal.fi\/wp-content\/uploads\/2024\/02\/Vipermetal-Seulakauha-Seulakauhat-monipuoliseen-seulontaan.png\",\"contentUrl\":\"https:\/\/vipermetal.fi\/wp-content\/uploads\/2024\/02\/Vipermetal-Seulakauha-Seulakauhat-monipuoliseen-seulontaan.png\",\"width\":1125,\"height\":1125,\"caption\":\"Seulakauhat monipuoliseen seulontaan ja kevyeen murskaukseen\"},{\"@type\":\"BreadcrumbList\",\"@id\":\"https:\/\/vipermetal.fi\/sv\/produkter\/siktskopa\/#breadcrumb\",\"itemListElement\":[{\"@type\":\"ListItem\",\"position\":1,\"name\":\"Etusivu\",\"item\":\"https:\/\/vipermetal.fi\/sv\/\"},{\"@type\":\"ListItem\",\"position\":2,\"name\":\"Produkter\",\"item\":\"https:\/\/vipermetal.fi\/sv\/produkter\/\"},{\"@type\":\"ListItem\",\"position\":3,\"name\":\"Siktskopa\"}]},{\"@type\":\"WebSite\",\"@id\":\"https:\/\/vipermetal.fi\/fr\/#website\",\"url\":\"https:\/\/vipermetal.fi\/fr\/\",\"name\":\"ViperMetal\",\"description\":\"\",\"publisher\":{\"@id\":\"https:\/\/vipermetal.fi\/fr\/#organization\"},\"potentialAction\":[{\"@type\":\"SearchAction\",\"target\":{\"@type\":\"EntryPoint\",\"urlTemplate\":\"https:\/\/vipermetal.fi\/fr\/?s={search_term_string}\"},\"query-input\":{\"@type\":\"PropertyValueSpecification\",\"valueRequired\":true,\"valueName\":\"search_term_string\"}}],\"inLanguage\":\"sv-SE\"},{\"@type\":\"Organization\",\"@id\":\"https:\/\/vipermetal.fi\/fr\/#organization\",\"name\":\"ViperMetal\",\"url\":\"https:\/\/vipermetal.fi\/fr\/\",\"logo\":{\"@type\":\"ImageObject\",\"inLanguage\":\"sv-SE\",\"@id\":\"https:\/\/vipermetal.fi\/fr\/#\/schema\/logo\/image\/\",\"url\":\"https:\/\/vipermetal.fi\/wp-content\/uploads\/2023\/11\/vipermetal-efficiency-with-finnish-excellence-1.png\",\"contentUrl\":\"https:\/\/vipermetal.fi\/wp-content\/uploads\/2023\/11\/vipermetal-efficiency-with-finnish-excellence-1.png\",\"width\":1200,\"height\":900,\"caption\":\"ViperMetal\"},\"image\":{\"@id\":\"https:\/\/vipermetal.fi\/fr\/#\/schema\/logo\/image\/\"},\"sameAs\":[\"https:\/\/www.facebook.com\/AjutechOy\/\",\"https:\/\/x.com\/Vipermetal_Aju\",\"https:\/\/www.instagram.com\/vipermetal_ajutech\/\",\"https:\/\/www.youtube.com\/@vipermetal1660\/\"]}]}<\/script>\n<!-- \/ Yoast SEO plugin. -->","yoast_head_json":{"title":"Vipermetal Siktarskopa - Siktarskopor f\u00f6r M\u00e5ngsidig S\u00e5llning","robots":{"index":"index","follow":"follow","max-snippet":"max-snippet:-1","max-image-preview":"max-image-preview:large","max-video-preview":"max-video-preview:-1"},"canonical":"https:\/\/vipermetal.fi\/sv\/produkter\/siktskopa\/","og_locale":"sv_SE","og_type":"article","og_title":"Vipermetal Siktarskopa - Siktarskopor f\u00f6r M\u00e5ngsidig S\u00e5llning","og_url":"https:\/\/vipermetal.fi\/sv\/produkter\/siktskopa\/","og_site_name":"ViperMetal","article_publisher":"https:\/\/www.facebook.com\/AjutechOy\/","article_modified_time":"2025-12-22T08:17:15+00:00","og_image":[{"width":1125,"height":1125,"url":"https:\/\/vipermetal.fi\/wp-content\/uploads\/2024\/02\/Vipermetal-Seulakauha-Seulakauhat-monipuoliseen-seulontaan.png","type":"image\/png"}],"twitter_card":"summary_large_image","twitter_site":"@Vipermetal_Aju","twitter_misc":{"Ber\u00e4knad l\u00e4stid":"1 minut"},"schema":{"@context":"https:\/\/schema.org","@graph":[{"@type":"WebPage","@id":"https:\/\/vipermetal.fi\/sv\/produkter\/siktskopa\/","url":"https:\/\/vipermetal.fi\/sv\/produkter\/siktskopa\/","name":"Vipermetal Siktarskopa - Siktarskopor f\u00f6r M\u00e5ngsidig S\u00e5llning","isPartOf":{"@id":"https:\/\/vipermetal.fi\/fr\/#website"},"primaryImageOfPage":{"@id":"https:\/\/vipermetal.fi\/sv\/produkter\/siktskopa\/#primaryimage"},"image":{"@id":"https:\/\/vipermetal.fi\/sv\/produkter\/siktskopa\/#primaryimage"},"thumbnailUrl":"https:\/\/vipermetal.fi\/wp-content\/uploads\/2024\/02\/Vipermetal-Seulakauha-Seulakauhat-monipuoliseen-seulontaan.png","datePublished":"2023-02-01T12:56:47+00:00","dateModified":"2025-12-22T08:17:15+00:00","breadcrumb":{"@id":"https:\/\/vipermetal.fi\/sv\/produkter\/siktskopa\/#breadcrumb"},"inLanguage":"sv-SE","potentialAction":[{"@type":"ReadAction","target":["https:\/\/vipermetal.fi\/sv\/produkter\/siktskopa\/"]}]},{"@type":"ImageObject","inLanguage":"sv-SE","@id":"https:\/\/vipermetal.fi\/sv\/produkter\/siktskopa\/#primaryimage","url":"https:\/\/vipermetal.fi\/wp-content\/uploads\/2024\/02\/Vipermetal-Seulakauha-Seulakauhat-monipuoliseen-seulontaan.png","contentUrl":"https:\/\/vipermetal.fi\/wp-content\/uploads\/2024\/02\/Vipermetal-Seulakauha-Seulakauhat-monipuoliseen-seulontaan.png","width":1125,"height":1125,"caption":"Seulakauhat monipuoliseen seulontaan ja kevyeen murskaukseen"},{"@type":"BreadcrumbList","@id":"https:\/\/vipermetal.fi\/sv\/produkter\/siktskopa\/#breadcrumb","itemListElement":[{"@type":"ListItem","position":1,"name":"Etusivu","item":"https:\/\/vipermetal.fi\/sv\/"},{"@type":"ListItem","position":2,"name":"Produkter","item":"https:\/\/vipermetal.fi\/sv\/produkter\/"},{"@type":"ListItem","position":3,"name":"Siktskopa"}]},{"@type":"WebSite","@id":"https:\/\/vipermetal.fi\/fr\/#website","url":"https:\/\/vipermetal.fi\/fr\/","name":"ViperMetal","description":"","publisher":{"@id":"https:\/\/vipermetal.fi\/fr\/#organization"},"potentialAction":[{"@type":"SearchAction","target":{"@type":"EntryPoint","urlTemplate":"https:\/\/vipermetal.fi\/fr\/?s={search_term_string}"},"query-input":{"@type":"PropertyValueSpecification","valueRequired":true,"valueName":"search_term_string"}}],"inLanguage":"sv-SE"},{"@type":"Organization","@id":"https:\/\/vipermetal.fi\/fr\/#organization","name":"ViperMetal","url":"https:\/\/vipermetal.fi\/fr\/","logo":{"@type":"ImageObject","inLanguage":"sv-SE","@id":"https:\/\/vipermetal.fi\/fr\/#\/schema\/logo\/image\/","url":"https:\/\/vipermetal.fi\/wp-content\/uploads\/2023\/11\/vipermetal-efficiency-with-finnish-excellence-1.png","contentUrl":"https:\/\/vipermetal.fi\/wp-content\/uploads\/2023\/11\/vipermetal-efficiency-with-finnish-excellence-1.png","width":1200,"height":900,"caption":"ViperMetal"},"image":{"@id":"https:\/\/vipermetal.fi\/fr\/#\/schema\/logo\/image\/"},"sameAs":["https:\/\/www.facebook.com\/AjutechOy\/","https:\/\/x.com\/Vipermetal_Aju","https:\/\/www.instagram.com\/vipermetal_ajutech\/","https:\/\/www.youtube.com\/@vipermetal1660\/"]}]}},"_links":{"self":[{"href":"https:\/\/vipermetal.fi\/sv\/wp-json\/wp\/v2\/pages\/7654","targetHints":{"allow":["GET"]}}],"collection":[{"href":"https:\/\/vipermetal.fi\/sv\/wp-json\/wp\/v2\/pages"}],"about":[{"href":"https:\/\/vipermetal.fi\/sv\/wp-json\/wp\/v2\/types\/page"}],"author":[{"embeddable":true,"href":"https:\/\/vipermetal.fi\/sv\/wp-json\/wp\/v2\/users\/1"}],"replies":[{"embeddable":true,"href":"https:\/\/vipermetal.fi\/sv\/wp-json\/wp\/v2\/comments?post=7654"}],"version-history":[{"count":3,"href":"https:\/\/vipermetal.fi\/sv\/wp-json\/wp\/v2\/pages\/7654\/revisions"}],"predecessor-version":[{"id":8704,"href":"https:\/\/vipermetal.fi\/sv\/wp-json\/wp\/v2\/pages\/7654\/revisions\/8704"}],"up":[{"embeddable":true,"href":"https:\/\/vipermetal.fi\/sv\/wp-json\/wp\/v2\/pages\/7649"}],"wp:featuredmedia":[{"embeddable":true,"href":"https:\/\/vipermetal.fi\/sv\/wp-json\/wp\/v2\/media\/7936"}],"wp:attachment":[{"href":"https:\/\/vipermetal.fi\/sv\/wp-json\/wp\/v2\/media?parent=7654"}],"curies":[{"name":"wp","href":"https:\/\/api.w.org\/{rel}","templated":true}]}}