{"id":4202,"date":"2023-02-01T13:15:01","date_gmt":"2023-02-01T13:15:01","guid":{"rendered":"https:\/\/demosivusto.net\/vipermetal\/products\/screening-bucket\/seulakauhojen-lisavarusteet-ja-tarvikkeet\/"},"modified":"2023-12-14T14:32:30","modified_gmt":"2023-12-14T14:32:30","slug":"accessories-for-screening-bucket","status":"publish","type":"page","link":"https:\/\/vipermetal.fi\/en\/products\/screening-bucket\/accessories-for-screening-bucket\/","title":{"rendered":"Accessories for screening bucket"},"content":{"rendered":"","protected":false},"excerpt":{"rendered":"","protected":false},"author":1,"featured_media":1960,"parent":3668,"menu_order":0,"comment_status":"closed","ping_status":"closed","template":"page-templates\/products-group.php","meta":{"_acf_changed":false,"footnotes":""},"class_list":["post-4202","page","type-page","status-publish","has-post-thumbnail","hentry"],"acf":[],"yoast_head":"<!-- This site is optimized with the Yoast SEO plugin v27.2 - https:\/\/yoast.com\/product\/yoast-seo-wordpress\/ -->\n<title>Accessories for screening bucket | ViperMetal<\/title>\n<meta name=\"robots\" content=\"index, follow, max-snippet:-1, max-image-preview:large, max-video-preview:-1\" \/>\n<link rel=\"canonical\" href=\"https:\/\/vipermetal.fi\/en\/products\/screening-bucket\/accessories-for-screening-bucket\/\" \/>\n<meta property=\"og:locale\" content=\"en_US\" \/>\n<meta property=\"og:type\" content=\"article\" \/>\n<meta property=\"og:title\" content=\"Accessories for screening bucket | ViperMetal\" \/>\n<meta property=\"og:url\" content=\"https:\/\/vipermetal.fi\/en\/products\/screening-bucket\/accessories-for-screening-bucket\/\" \/>\n<meta property=\"og:site_name\" content=\"ViperMetal\" \/>\n<meta property=\"article:publisher\" content=\"https:\/\/www.facebook.com\/AjutechOy\/\" \/>\n<meta property=\"article:modified_time\" content=\"2023-12-14T14:32:30+00:00\" \/>\n<meta property=\"og:image\" content=\"https:\/\/vipermetal.fi\/wp-content\/uploads\/2023\/09\/VPH-3-1500-2.jpg\" \/>\n\t<meta property=\"og:image:width\" content=\"2048\" \/>\n\t<meta property=\"og:image:height\" content=\"1536\" \/>\n\t<meta property=\"og:image:type\" content=\"image\/jpeg\" \/>\n<meta name=\"twitter:card\" content=\"summary_large_image\" \/>\n<meta name=\"twitter:site\" content=\"@Vipermetal_Aju\" \/>\n<script type=\"application\/ld+json\" class=\"yoast-schema-graph\">{\"@context\":\"https:\/\/schema.org\",\"@graph\":[{\"@type\":\"WebPage\",\"@id\":\"https:\/\/vipermetal.fi\/en\/products\/screening-bucket\/accessories-for-screening-bucket\/\",\"url\":\"https:\/\/vipermetal.fi\/en\/products\/screening-bucket\/accessories-for-screening-bucket\/\",\"name\":\"Accessories for screening bucket | ViperMetal\",\"isPartOf\":{\"@id\":\"https:\/\/vipermetal.fi\/fr\/#website\"},\"primaryImageOfPage\":{\"@id\":\"https:\/\/vipermetal.fi\/en\/products\/screening-bucket\/accessories-for-screening-bucket\/#primaryimage\"},\"image\":{\"@id\":\"https:\/\/vipermetal.fi\/en\/products\/screening-bucket\/accessories-for-screening-bucket\/#primaryimage\"},\"thumbnailUrl\":\"https:\/\/vipermetal.fi\/wp-content\/uploads\/2023\/09\/VPH-3-1500-2.jpg\",\"datePublished\":\"2023-02-01T13:15:01+00:00\",\"dateModified\":\"2023-12-14T14:32:30+00:00\",\"breadcrumb\":{\"@id\":\"https:\/\/vipermetal.fi\/en\/products\/screening-bucket\/accessories-for-screening-bucket\/#breadcrumb\"},\"inLanguage\":\"en-US\",\"potentialAction\":[{\"@type\":\"ReadAction\",\"target\":[\"https:\/\/vipermetal.fi\/en\/products\/screening-bucket\/accessories-for-screening-bucket\/\"]}]},{\"@type\":\"ImageObject\",\"inLanguage\":\"en-US\",\"@id\":\"https:\/\/vipermetal.fi\/en\/products\/screening-bucket\/accessories-for-screening-bucket\/#primaryimage\",\"url\":\"https:\/\/vipermetal.fi\/wp-content\/uploads\/2023\/09\/VPH-3-1500-2.jpg\",\"contentUrl\":\"https:\/\/vipermetal.fi\/wp-content\/uploads\/2023\/09\/VPH-3-1500-2.jpg\",\"width\":2048,\"height\":1536,\"caption\":\"Seulakauhamme on intohimomme ja ylpeydenaiheemme. Jokainen yksityiskohta on tarkkaan harkittu ja suunniteltu vastaamaan ammattik\u00e4ytt\u00f6\u00f6n asetettuja vaatimuksia.\"},{\"@type\":\"BreadcrumbList\",\"@id\":\"https:\/\/vipermetal.fi\/en\/products\/screening-bucket\/accessories-for-screening-bucket\/#breadcrumb\",\"itemListElement\":[{\"@type\":\"ListItem\",\"position\":1,\"name\":\"Etusivu\",\"item\":\"https:\/\/vipermetal.fi\/en\/\"},{\"@type\":\"ListItem\",\"position\":2,\"name\":\"Products\",\"item\":\"https:\/\/vipermetal.fi\/en\/products\/\"},{\"@type\":\"ListItem\",\"position\":3,\"name\":\"Screening Bucket\",\"item\":\"https:\/\/vipermetal.fi\/en\/products\/screening-bucket\/\"},{\"@type\":\"ListItem\",\"position\":4,\"name\":\"Accessories for screening bucket\"}]},{\"@type\":\"WebSite\",\"@id\":\"https:\/\/vipermetal.fi\/fr\/#website\",\"url\":\"https:\/\/vipermetal.fi\/fr\/\",\"name\":\"ViperMetal\",\"description\":\"\",\"publisher\":{\"@id\":\"https:\/\/vipermetal.fi\/fr\/#organization\"},\"potentialAction\":[{\"@type\":\"SearchAction\",\"target\":{\"@type\":\"EntryPoint\",\"urlTemplate\":\"https:\/\/vipermetal.fi\/fr\/?s={search_term_string}\"},\"query-input\":{\"@type\":\"PropertyValueSpecification\",\"valueRequired\":true,\"valueName\":\"search_term_string\"}}],\"inLanguage\":\"en-US\"},{\"@type\":\"Organization\",\"@id\":\"https:\/\/vipermetal.fi\/fr\/#organization\",\"name\":\"ViperMetal\",\"url\":\"https:\/\/vipermetal.fi\/fr\/\",\"logo\":{\"@type\":\"ImageObject\",\"inLanguage\":\"en-US\",\"@id\":\"https:\/\/vipermetal.fi\/fr\/#\/schema\/logo\/image\/\",\"url\":\"https:\/\/vipermetal.fi\/wp-content\/uploads\/2023\/11\/vipermetal-efficiency-with-finnish-excellence-1.png\",\"contentUrl\":\"https:\/\/vipermetal.fi\/wp-content\/uploads\/2023\/11\/vipermetal-efficiency-with-finnish-excellence-1.png\",\"width\":1200,\"height\":900,\"caption\":\"ViperMetal\"},\"image\":{\"@id\":\"https:\/\/vipermetal.fi\/fr\/#\/schema\/logo\/image\/\"},\"sameAs\":[\"https:\/\/www.facebook.com\/AjutechOy\/\",\"https:\/\/x.com\/Vipermetal_Aju\",\"https:\/\/www.instagram.com\/vipermetal_ajutech\/\",\"https:\/\/www.youtube.com\/@vipermetal1660\/\"]}]}<\/script>\n<!-- \/ Yoast SEO plugin. -->","yoast_head_json":{"title":"Accessories for screening bucket | ViperMetal","robots":{"index":"index","follow":"follow","max-snippet":"max-snippet:-1","max-image-preview":"max-image-preview:large","max-video-preview":"max-video-preview:-1"},"canonical":"https:\/\/vipermetal.fi\/en\/products\/screening-bucket\/accessories-for-screening-bucket\/","og_locale":"en_US","og_type":"article","og_title":"Accessories for screening bucket | ViperMetal","og_url":"https:\/\/vipermetal.fi\/en\/products\/screening-bucket\/accessories-for-screening-bucket\/","og_site_name":"ViperMetal","article_publisher":"https:\/\/www.facebook.com\/AjutechOy\/","article_modified_time":"2023-12-14T14:32:30+00:00","og_image":[{"width":2048,"height":1536,"url":"https:\/\/vipermetal.fi\/wp-content\/uploads\/2023\/09\/VPH-3-1500-2.jpg","type":"image\/jpeg"}],"twitter_card":"summary_large_image","twitter_site":"@Vipermetal_Aju","schema":{"@context":"https:\/\/schema.org","@graph":[{"@type":"WebPage","@id":"https:\/\/vipermetal.fi\/en\/products\/screening-bucket\/accessories-for-screening-bucket\/","url":"https:\/\/vipermetal.fi\/en\/products\/screening-bucket\/accessories-for-screening-bucket\/","name":"Accessories for screening bucket | ViperMetal","isPartOf":{"@id":"https:\/\/vipermetal.fi\/fr\/#website"},"primaryImageOfPage":{"@id":"https:\/\/vipermetal.fi\/en\/products\/screening-bucket\/accessories-for-screening-bucket\/#primaryimage"},"image":{"@id":"https:\/\/vipermetal.fi\/en\/products\/screening-bucket\/accessories-for-screening-bucket\/#primaryimage"},"thumbnailUrl":"https:\/\/vipermetal.fi\/wp-content\/uploads\/2023\/09\/VPH-3-1500-2.jpg","datePublished":"2023-02-01T13:15:01+00:00","dateModified":"2023-12-14T14:32:30+00:00","breadcrumb":{"@id":"https:\/\/vipermetal.fi\/en\/products\/screening-bucket\/accessories-for-screening-bucket\/#breadcrumb"},"inLanguage":"en-US","potentialAction":[{"@type":"ReadAction","target":["https:\/\/vipermetal.fi\/en\/products\/screening-bucket\/accessories-for-screening-bucket\/"]}]},{"@type":"ImageObject","inLanguage":"en-US","@id":"https:\/\/vipermetal.fi\/en\/products\/screening-bucket\/accessories-for-screening-bucket\/#primaryimage","url":"https:\/\/vipermetal.fi\/wp-content\/uploads\/2023\/09\/VPH-3-1500-2.jpg","contentUrl":"https:\/\/vipermetal.fi\/wp-content\/uploads\/2023\/09\/VPH-3-1500-2.jpg","width":2048,"height":1536,"caption":"Seulakauhamme on intohimomme ja ylpeydenaiheemme. Jokainen yksityiskohta on tarkkaan harkittu ja suunniteltu vastaamaan ammattik\u00e4ytt\u00f6\u00f6n asetettuja vaatimuksia."},{"@type":"BreadcrumbList","@id":"https:\/\/vipermetal.fi\/en\/products\/screening-bucket\/accessories-for-screening-bucket\/#breadcrumb","itemListElement":[{"@type":"ListItem","position":1,"name":"Etusivu","item":"https:\/\/vipermetal.fi\/en\/"},{"@type":"ListItem","position":2,"name":"Products","item":"https:\/\/vipermetal.fi\/en\/products\/"},{"@type":"ListItem","position":3,"name":"Screening Bucket","item":"https:\/\/vipermetal.fi\/en\/products\/screening-bucket\/"},{"@type":"ListItem","position":4,"name":"Accessories for screening bucket"}]},{"@type":"WebSite","@id":"https:\/\/vipermetal.fi\/fr\/#website","url":"https:\/\/vipermetal.fi\/fr\/","name":"ViperMetal","description":"","publisher":{"@id":"https:\/\/vipermetal.fi\/fr\/#organization"},"potentialAction":[{"@type":"SearchAction","target":{"@type":"EntryPoint","urlTemplate":"https:\/\/vipermetal.fi\/fr\/?s={search_term_string}"},"query-input":{"@type":"PropertyValueSpecification","valueRequired":true,"valueName":"search_term_string"}}],"inLanguage":"en-US"},{"@type":"Organization","@id":"https:\/\/vipermetal.fi\/fr\/#organization","name":"ViperMetal","url":"https:\/\/vipermetal.fi\/fr\/","logo":{"@type":"ImageObject","inLanguage":"en-US","@id":"https:\/\/vipermetal.fi\/fr\/#\/schema\/logo\/image\/","url":"https:\/\/vipermetal.fi\/wp-content\/uploads\/2023\/11\/vipermetal-efficiency-with-finnish-excellence-1.png","contentUrl":"https:\/\/vipermetal.fi\/wp-content\/uploads\/2023\/11\/vipermetal-efficiency-with-finnish-excellence-1.png","width":1200,"height":900,"caption":"ViperMetal"},"image":{"@id":"https:\/\/vipermetal.fi\/fr\/#\/schema\/logo\/image\/"},"sameAs":["https:\/\/www.facebook.com\/AjutechOy\/","https:\/\/x.com\/Vipermetal_Aju","https:\/\/www.instagram.com\/vipermetal_ajutech\/","https:\/\/www.youtube.com\/@vipermetal1660\/"]}]}},"_links":{"self":[{"href":"https:\/\/vipermetal.fi\/en\/wp-json\/wp\/v2\/pages\/4202","targetHints":{"allow":["GET"]}}],"collection":[{"href":"https:\/\/vipermetal.fi\/en\/wp-json\/wp\/v2\/pages"}],"about":[{"href":"https:\/\/vipermetal.fi\/en\/wp-json\/wp\/v2\/types\/page"}],"author":[{"embeddable":true,"href":"https:\/\/vipermetal.fi\/en\/wp-json\/wp\/v2\/users\/1"}],"replies":[{"embeddable":true,"href":"https:\/\/vipermetal.fi\/en\/wp-json\/wp\/v2\/comments?post=4202"}],"version-history":[{"count":0,"href":"https:\/\/vipermetal.fi\/en\/wp-json\/wp\/v2\/pages\/4202\/revisions"}],"up":[{"embeddable":true,"href":"https:\/\/vipermetal.fi\/en\/wp-json\/wp\/v2\/pages\/3668"}],"wp:featuredmedia":[{"embeddable":true,"href":"https:\/\/vipermetal.fi\/en\/wp-json\/wp\/v2\/media\/1960"}],"wp:attachment":[{"href":"https:\/\/vipermetal.fi\/en\/wp-json\/wp\/v2\/media?parent=4202"}],"curies":[{"name":"wp","href":"https:\/\/api.w.org\/{rel}","templated":true}]}}