{"id":5626,"date":"2023-02-01T12:56:47","date_gmt":"2023-02-01T12:56:47","guid":{"rendered":"https:\/\/demosivusto.net\/vipermetal\/produkte\/screening-bucket\/"},"modified":"2025-12-22T08:16:53","modified_gmt":"2025-12-22T08:16:53","slug":"siebloeffel-siebschaufel","status":"publish","type":"page","link":"https:\/\/vipermetal.fi\/de\/produkte\/siebloeffel-siebschaufel\/","title":{"rendered":"Siebl\u00f6ffel (Siebschaufel)"},"content":{"rendered":"","protected":false},"excerpt":{"rendered":"","protected":false},"author":1,"featured_media":7934,"parent":5610,"menu_order":0,"comment_status":"closed","ping_status":"closed","template":"page-templates\/products-group.php","meta":{"_acf_changed":false,"footnotes":""},"class_list":["post-5626","page","type-page","status-publish","has-post-thumbnail","hentry"],"acf":[],"yoast_head":"<!-- This site is optimized with the Yoast SEO plugin v27.2 - https:\/\/yoast.com\/product\/yoast-seo-wordpress\/ -->\n<title>Vipermetal Siebl\u00f6ffel - Siebschaufeln f\u00fcr vielseitige Siebung<\/title>\n<meta name=\"description\" content=\"Siebk\u00fcbel zum effizienten Sieben von Materialien und zur leichten Zerkleinerung. Eine gro\u00dfe Auswahl an Siebl\u00f6ffeln f\u00fcr Bagger und Lader.\" \/>\n<meta name=\"robots\" content=\"index, follow, max-snippet:-1, max-image-preview:large, max-video-preview:-1\" \/>\n<link rel=\"canonical\" href=\"https:\/\/vipermetal.fi\/de\/produkte\/siebloeffel-siebschaufel\/\" \/>\n<meta property=\"og:locale\" content=\"de_DE\" \/>\n<meta property=\"og:type\" content=\"article\" \/>\n<meta property=\"og:title\" content=\"Vipermetal Siebl\u00f6ffel - Siebschaufeln f\u00fcr vielseitige Siebung\" \/>\n<meta property=\"og:description\" content=\"Siebk\u00fcbel zum effizienten Sieben von Materialien und zur leichten Zerkleinerung. Eine gro\u00dfe Auswahl an Siebl\u00f6ffeln f\u00fcr Bagger und Lader.\" \/>\n<meta property=\"og:url\" content=\"https:\/\/vipermetal.fi\/de\/produkte\/siebloeffel-siebschaufel\/\" \/>\n<meta property=\"og:site_name\" content=\"ViperMetal\" \/>\n<meta property=\"article:publisher\" content=\"https:\/\/www.facebook.com\/AjutechOy\/\" \/>\n<meta property=\"article:modified_time\" content=\"2025-12-22T08:16:53+00:00\" \/>\n<meta property=\"og:image\" content=\"https:\/\/vipermetal.fi\/wp-content\/uploads\/2024\/02\/Vipermetal-Seulakauha-Seulakauhat-monipuoliseen-seulontaan.png\" \/>\n\t<meta property=\"og:image:width\" content=\"1125\" \/>\n\t<meta property=\"og:image:height\" content=\"1125\" \/>\n\t<meta property=\"og:image:type\" content=\"image\/png\" \/>\n<meta name=\"twitter:card\" content=\"summary_large_image\" \/>\n<meta name=\"twitter:site\" content=\"@Vipermetal_Aju\" \/>\n<meta name=\"twitter:label1\" content=\"Gesch\u00e4tzte Lesezeit\" \/>\n\t<meta name=\"twitter:data1\" content=\"1\u00a0Minute\" \/>\n<script type=\"application\/ld+json\" class=\"yoast-schema-graph\">{\"@context\":\"https:\/\/schema.org\",\"@graph\":[{\"@type\":\"WebPage\",\"@id\":\"https:\/\/vipermetal.fi\/de\/produkte\/siebloeffel-siebschaufel\/\",\"url\":\"https:\/\/vipermetal.fi\/de\/produkte\/siebloeffel-siebschaufel\/\",\"name\":\"Vipermetal Siebl\u00f6ffel - Siebschaufeln f\u00fcr vielseitige Siebung\",\"isPartOf\":{\"@id\":\"https:\/\/vipermetal.fi\/fr\/#website\"},\"primaryImageOfPage\":{\"@id\":\"https:\/\/vipermetal.fi\/de\/produkte\/siebloeffel-siebschaufel\/#primaryimage\"},\"image\":{\"@id\":\"https:\/\/vipermetal.fi\/de\/produkte\/siebloeffel-siebschaufel\/#primaryimage\"},\"thumbnailUrl\":\"https:\/\/vipermetal.fi\/wp-content\/uploads\/2024\/02\/Vipermetal-Seulakauha-Seulakauhat-monipuoliseen-seulontaan.png\",\"datePublished\":\"2023-02-01T12:56:47+00:00\",\"dateModified\":\"2025-12-22T08:16:53+00:00\",\"description\":\"Siebk\u00fcbel zum effizienten Sieben von Materialien und zur leichten Zerkleinerung. Eine gro\u00dfe Auswahl an Siebl\u00f6ffeln f\u00fcr Bagger und Lader.\",\"breadcrumb\":{\"@id\":\"https:\/\/vipermetal.fi\/de\/produkte\/siebloeffel-siebschaufel\/#breadcrumb\"},\"inLanguage\":\"de\",\"potentialAction\":[{\"@type\":\"ReadAction\",\"target\":[\"https:\/\/vipermetal.fi\/de\/produkte\/siebloeffel-siebschaufel\/\"]}]},{\"@type\":\"ImageObject\",\"inLanguage\":\"de\",\"@id\":\"https:\/\/vipermetal.fi\/de\/produkte\/siebloeffel-siebschaufel\/#primaryimage\",\"url\":\"https:\/\/vipermetal.fi\/wp-content\/uploads\/2024\/02\/Vipermetal-Seulakauha-Seulakauhat-monipuoliseen-seulontaan.png\",\"contentUrl\":\"https:\/\/vipermetal.fi\/wp-content\/uploads\/2024\/02\/Vipermetal-Seulakauha-Seulakauhat-monipuoliseen-seulontaan.png\",\"width\":1125,\"height\":1125,\"caption\":\"Seulakauhat monipuoliseen seulontaan ja kevyeen murskaukseen\"},{\"@type\":\"BreadcrumbList\",\"@id\":\"https:\/\/vipermetal.fi\/de\/produkte\/siebloeffel-siebschaufel\/#breadcrumb\",\"itemListElement\":[{\"@type\":\"ListItem\",\"position\":1,\"name\":\"Etusivu\",\"item\":\"https:\/\/vipermetal.fi\/de\/\"},{\"@type\":\"ListItem\",\"position\":2,\"name\":\"Produkte\",\"item\":\"https:\/\/vipermetal.fi\/de\/produkte\/\"},{\"@type\":\"ListItem\",\"position\":3,\"name\":\"Siebl\u00f6ffel (Siebschaufel)\"}]},{\"@type\":\"WebSite\",\"@id\":\"https:\/\/vipermetal.fi\/fr\/#website\",\"url\":\"https:\/\/vipermetal.fi\/fr\/\",\"name\":\"ViperMetal\",\"description\":\"\",\"publisher\":{\"@id\":\"https:\/\/vipermetal.fi\/fr\/#organization\"},\"potentialAction\":[{\"@type\":\"SearchAction\",\"target\":{\"@type\":\"EntryPoint\",\"urlTemplate\":\"https:\/\/vipermetal.fi\/fr\/?s={search_term_string}\"},\"query-input\":{\"@type\":\"PropertyValueSpecification\",\"valueRequired\":true,\"valueName\":\"search_term_string\"}}],\"inLanguage\":\"de\"},{\"@type\":\"Organization\",\"@id\":\"https:\/\/vipermetal.fi\/fr\/#organization\",\"name\":\"ViperMetal\",\"url\":\"https:\/\/vipermetal.fi\/fr\/\",\"logo\":{\"@type\":\"ImageObject\",\"inLanguage\":\"de\",\"@id\":\"https:\/\/vipermetal.fi\/fr\/#\/schema\/logo\/image\/\",\"url\":\"https:\/\/vipermetal.fi\/wp-content\/uploads\/2023\/11\/vipermetal-efficiency-with-finnish-excellence-1.png\",\"contentUrl\":\"https:\/\/vipermetal.fi\/wp-content\/uploads\/2023\/11\/vipermetal-efficiency-with-finnish-excellence-1.png\",\"width\":1200,\"height\":900,\"caption\":\"ViperMetal\"},\"image\":{\"@id\":\"https:\/\/vipermetal.fi\/fr\/#\/schema\/logo\/image\/\"},\"sameAs\":[\"https:\/\/www.facebook.com\/AjutechOy\/\",\"https:\/\/x.com\/Vipermetal_Aju\",\"https:\/\/www.instagram.com\/vipermetal_ajutech\/\",\"https:\/\/www.youtube.com\/@vipermetal1660\/\"]}]}<\/script>\n<!-- \/ Yoast SEO plugin. -->","yoast_head_json":{"title":"Vipermetal Siebl\u00f6ffel - Siebschaufeln f\u00fcr vielseitige Siebung","description":"Siebk\u00fcbel zum effizienten Sieben von Materialien und zur leichten Zerkleinerung. Eine gro\u00dfe Auswahl an Siebl\u00f6ffeln f\u00fcr Bagger und Lader.","robots":{"index":"index","follow":"follow","max-snippet":"max-snippet:-1","max-image-preview":"max-image-preview:large","max-video-preview":"max-video-preview:-1"},"canonical":"https:\/\/vipermetal.fi\/de\/produkte\/siebloeffel-siebschaufel\/","og_locale":"de_DE","og_type":"article","og_title":"Vipermetal Siebl\u00f6ffel - Siebschaufeln f\u00fcr vielseitige Siebung","og_description":"Siebk\u00fcbel zum effizienten Sieben von Materialien und zur leichten Zerkleinerung. Eine gro\u00dfe Auswahl an Siebl\u00f6ffeln f\u00fcr Bagger und Lader.","og_url":"https:\/\/vipermetal.fi\/de\/produkte\/siebloeffel-siebschaufel\/","og_site_name":"ViperMetal","article_publisher":"https:\/\/www.facebook.com\/AjutechOy\/","article_modified_time":"2025-12-22T08:16:53+00:00","og_image":[{"width":1125,"height":1125,"url":"https:\/\/vipermetal.fi\/wp-content\/uploads\/2024\/02\/Vipermetal-Seulakauha-Seulakauhat-monipuoliseen-seulontaan.png","type":"image\/png"}],"twitter_card":"summary_large_image","twitter_site":"@Vipermetal_Aju","twitter_misc":{"Gesch\u00e4tzte Lesezeit":"1\u00a0Minute"},"schema":{"@context":"https:\/\/schema.org","@graph":[{"@type":"WebPage","@id":"https:\/\/vipermetal.fi\/de\/produkte\/siebloeffel-siebschaufel\/","url":"https:\/\/vipermetal.fi\/de\/produkte\/siebloeffel-siebschaufel\/","name":"Vipermetal Siebl\u00f6ffel - Siebschaufeln f\u00fcr vielseitige Siebung","isPartOf":{"@id":"https:\/\/vipermetal.fi\/fr\/#website"},"primaryImageOfPage":{"@id":"https:\/\/vipermetal.fi\/de\/produkte\/siebloeffel-siebschaufel\/#primaryimage"},"image":{"@id":"https:\/\/vipermetal.fi\/de\/produkte\/siebloeffel-siebschaufel\/#primaryimage"},"thumbnailUrl":"https:\/\/vipermetal.fi\/wp-content\/uploads\/2024\/02\/Vipermetal-Seulakauha-Seulakauhat-monipuoliseen-seulontaan.png","datePublished":"2023-02-01T12:56:47+00:00","dateModified":"2025-12-22T08:16:53+00:00","description":"Siebk\u00fcbel zum effizienten Sieben von Materialien und zur leichten Zerkleinerung. Eine gro\u00dfe Auswahl an Siebl\u00f6ffeln f\u00fcr Bagger und Lader.","breadcrumb":{"@id":"https:\/\/vipermetal.fi\/de\/produkte\/siebloeffel-siebschaufel\/#breadcrumb"},"inLanguage":"de","potentialAction":[{"@type":"ReadAction","target":["https:\/\/vipermetal.fi\/de\/produkte\/siebloeffel-siebschaufel\/"]}]},{"@type":"ImageObject","inLanguage":"de","@id":"https:\/\/vipermetal.fi\/de\/produkte\/siebloeffel-siebschaufel\/#primaryimage","url":"https:\/\/vipermetal.fi\/wp-content\/uploads\/2024\/02\/Vipermetal-Seulakauha-Seulakauhat-monipuoliseen-seulontaan.png","contentUrl":"https:\/\/vipermetal.fi\/wp-content\/uploads\/2024\/02\/Vipermetal-Seulakauha-Seulakauhat-monipuoliseen-seulontaan.png","width":1125,"height":1125,"caption":"Seulakauhat monipuoliseen seulontaan ja kevyeen murskaukseen"},{"@type":"BreadcrumbList","@id":"https:\/\/vipermetal.fi\/de\/produkte\/siebloeffel-siebschaufel\/#breadcrumb","itemListElement":[{"@type":"ListItem","position":1,"name":"Etusivu","item":"https:\/\/vipermetal.fi\/de\/"},{"@type":"ListItem","position":2,"name":"Produkte","item":"https:\/\/vipermetal.fi\/de\/produkte\/"},{"@type":"ListItem","position":3,"name":"Siebl\u00f6ffel (Siebschaufel)"}]},{"@type":"WebSite","@id":"https:\/\/vipermetal.fi\/fr\/#website","url":"https:\/\/vipermetal.fi\/fr\/","name":"ViperMetal","description":"","publisher":{"@id":"https:\/\/vipermetal.fi\/fr\/#organization"},"potentialAction":[{"@type":"SearchAction","target":{"@type":"EntryPoint","urlTemplate":"https:\/\/vipermetal.fi\/fr\/?s={search_term_string}"},"query-input":{"@type":"PropertyValueSpecification","valueRequired":true,"valueName":"search_term_string"}}],"inLanguage":"de"},{"@type":"Organization","@id":"https:\/\/vipermetal.fi\/fr\/#organization","name":"ViperMetal","url":"https:\/\/vipermetal.fi\/fr\/","logo":{"@type":"ImageObject","inLanguage":"de","@id":"https:\/\/vipermetal.fi\/fr\/#\/schema\/logo\/image\/","url":"https:\/\/vipermetal.fi\/wp-content\/uploads\/2023\/11\/vipermetal-efficiency-with-finnish-excellence-1.png","contentUrl":"https:\/\/vipermetal.fi\/wp-content\/uploads\/2023\/11\/vipermetal-efficiency-with-finnish-excellence-1.png","width":1200,"height":900,"caption":"ViperMetal"},"image":{"@id":"https:\/\/vipermetal.fi\/fr\/#\/schema\/logo\/image\/"},"sameAs":["https:\/\/www.facebook.com\/AjutechOy\/","https:\/\/x.com\/Vipermetal_Aju","https:\/\/www.instagram.com\/vipermetal_ajutech\/","https:\/\/www.youtube.com\/@vipermetal1660\/"]}]}},"_links":{"self":[{"href":"https:\/\/vipermetal.fi\/de\/wp-json\/wp\/v2\/pages\/5626","targetHints":{"allow":["GET"]}}],"collection":[{"href":"https:\/\/vipermetal.fi\/de\/wp-json\/wp\/v2\/pages"}],"about":[{"href":"https:\/\/vipermetal.fi\/de\/wp-json\/wp\/v2\/types\/page"}],"author":[{"embeddable":true,"href":"https:\/\/vipermetal.fi\/de\/wp-json\/wp\/v2\/users\/1"}],"replies":[{"embeddable":true,"href":"https:\/\/vipermetal.fi\/de\/wp-json\/wp\/v2\/comments?post=5626"}],"version-history":[{"count":1,"href":"https:\/\/vipermetal.fi\/de\/wp-json\/wp\/v2\/pages\/5626\/revisions"}],"predecessor-version":[{"id":8702,"href":"https:\/\/vipermetal.fi\/de\/wp-json\/wp\/v2\/pages\/5626\/revisions\/8702"}],"up":[{"embeddable":true,"href":"https:\/\/vipermetal.fi\/de\/wp-json\/wp\/v2\/pages\/5610"}],"wp:featuredmedia":[{"embeddable":true,"href":"https:\/\/vipermetal.fi\/de\/wp-json\/wp\/v2\/media\/7934"}],"wp:attachment":[{"href":"https:\/\/vipermetal.fi\/de\/wp-json\/wp\/v2\/media?parent=5626"}],"curies":[{"name":"wp","href":"https:\/\/api.w.org\/{rel}","templated":true}]}}